{"id":7,"date":"2021-07-02T04:46:32","date_gmt":"2021-07-02T03:46:32","guid":{"rendered":"http:\/\/greencommunityproject.org\/?page_id=7"},"modified":"2021-07-05T09:24:48","modified_gmt":"2021-07-05T08:24:48","slug":"uber-uns","status":"publish","type":"page","link":"https:\/\/greencommunityproject.org\/uber-uns","title":{"rendered":"\u00dcber uns!"},"content":{"rendered":"<p>Der Natur-, Klima- und Tierschutz wird aktuell so stark verfolgt wie schon lange nicht mehr. Immer mehr Menschen bekennen sich als umweltfreundlich und setzen sich f\u00fcr ein tier- und klimafreundlichen Leben ein, wenn auch nicht als Aktivist einer Umweltschutzorganisation. Jedoch k\u00f6nnen selbst Politiker, Unternehmer oder auch Kapitalisten nicht mehr verneinen, dass sich in der Gesellschaft ein Wandel zugetragen hat, der noch immer aktiv ist. Immer mehr Menschen entscheiden sich f\u00fcr eine vegetarische oder vegane Ern\u00e4hrung, setzen auf alternative Fleisch-Produkte wie Tofu oder Erbsenprotein, verzichten auf Fast Fashion, nutzen Second-Hand-Portale und entscheiden sich weniger f\u00fcr Flugreisen. Es ist klar und deutlich, dass sich allgemein immer mehr ein Bewusstsein f\u00fcr den Umweltschutz entwickelt hat, und zwar besonders bei den j\u00fcngeren Generationen. Diese setzen sich ganz aktiv daf\u00fcr ein, dass sich Wirtschaft und Politik dem Umweltschutz widmen.<\/p>\n<p><img loading=\"lazy\" decoding=\"async\" class=\"aligncenter wp-image-10\" src=\"http:\/\/greencommunityproject.org\/wp-content\/uploads\/2021\/07\/Wer-sind-wir.jpg\" alt=\"\" width=\"600\" height=\"267\" srcset=\"https:\/\/greencommunityproject.org\/wp-content\/uploads\/sites\/162\/2021\/07\/Wer-sind-wir.jpg 900w, https:\/\/greencommunityproject.org\/wp-content\/uploads\/sites\/162\/2021\/07\/Wer-sind-wir-300x133.jpg 300w, https:\/\/greencommunityproject.org\/wp-content\/uploads\/sites\/162\/2021\/07\/Wer-sind-wir-768x341.jpg 768w\" sizes=\"auto, (max-width: 600px) 100vw, 600px\" \/><\/p>\n<h2><a name=\"_Toc2\"><\/a>Wer sind wir?<\/h2>\n<p>Weil dieses Thema momentan und in den letzten Jahren in aller Munde ist, haben wir uns dazu entschieden, eine Webseite mit den wichtigsten Thema zur Nachhaltigkeit zu erstellen. Unser Ziel ist es, dass wir Ihnen verschiedenen Aspekte der Nachhaltigkeit vorstellen. Gleichzeitigt m\u00f6chten wir Ihnen auf diese Weise Tipps geben, was Sie f\u00fcr die Umwelt tun k\u00f6nnen, ohne gravierende Lebensver\u00e4nderungen zu treffen.<\/p>\n<p>Unsere Themen beziehen sich auf verschiedene Bereiche des Umweltschutzes und der Umweltverschmutzung, da beides Hand in Hand geht! Wir gehen auf ein gro\u00dfes Problem im Klimaschutz ein und erkl\u00e4ren, was wir als Normalos hier tun k\u00f6nnten. Dies ist keine Aufforderung, sondern lediglich ein Tipp f\u00fcr diejenigen, die sich daf\u00fcr interessieren und Teil der Umweltbewegung sein m\u00f6chten.<\/p>\n<p><img loading=\"lazy\" decoding=\"async\" class=\"aligncenter wp-image-11\" src=\"http:\/\/greencommunityproject.org\/wp-content\/uploads\/2021\/07\/Einige-Themen-auf-unserer-Seite.jpg\" alt=\"\" width=\"600\" height=\"267\" srcset=\"https:\/\/greencommunityproject.org\/wp-content\/uploads\/sites\/162\/2021\/07\/Einige-Themen-auf-unserer-Seite.jpg 900w, https:\/\/greencommunityproject.org\/wp-content\/uploads\/sites\/162\/2021\/07\/Einige-Themen-auf-unserer-Seite-300x133.jpg 300w, https:\/\/greencommunityproject.org\/wp-content\/uploads\/sites\/162\/2021\/07\/Einige-Themen-auf-unserer-Seite-768x341.jpg 768w\" sizes=\"auto, (max-width: 600px) 100vw, 600px\" \/><\/p>\n<h2><a name=\"_Toc3\"><\/a>Einige Themen auf unserer Seite:<\/h2>\n<p>*Nachhaltige Schweizer Betten<\/p>\n<p>*Nachhaltige, alternative Ern\u00e4hrung<\/p>\n<p>*Nie wieder Fast Fashion, sondern nachhaltige Kleidung<\/p>\n<p>*Elektro-Ger\u00e4te als Unterst\u00fctzer der Umwelt &#8211; der Elektro-K\u00e4rcher<\/p>\n<p>*\u00d6kologisch abbaubare Kaffeekapseln<\/p>\n<p>Wir w\u00fcnschen Ihnen viel Spa\u00df\u00a0 auf unserer Webseite und freuen uns, wenn Sie wieder mal reinschauen!<\/p>\n<p>[ninja_form id=1]<\/p>\n","protected":false},"excerpt":{"rendered":"<p>Der Natur-, Klima- und Tierschutz wird aktuell so stark verfolgt wie schon lange nicht mehr. Immer mehr Menschen bekennen sich als umweltfreundlich und setzen sich f\u00fcr ein tier- und klimafreundlichen Leben ein, wenn auch nicht <a class=\"more-link\" href=\"https:\/\/greencommunityproject.org\/uber-uns\">Weiterlesen&#8230;<\/a><\/p>\n","protected":false},"author":18,"featured_media":9,"parent":0,"menu_order":0,"comment_status":"closed","ping_status":"closed","template":"","meta":{"footnotes":""},"class_list":["post-7","page","type-page","status-publish","has-post-thumbnail","hentry"],"yoast_head":"<!-- This site is optimized with the Yoast SEO plugin v27.4 - https:\/\/yoast.com\/product\/yoast-seo-wordpress\/ -->\n<title>\u00dcber uns! - Nachhaltigkeit als gesellschaftliche Pflicht anerkennen<\/title>\n<meta name=\"description\" content=\"Kima- und Umweltschutz geht uns alle an! Aus diesem Grund haben wir diese Webseite erstellt mit den wichtigsten Themen zur Nachhaltigkeit.\" \/>\n<meta name=\"robots\" content=\"index, follow, max-snippet:-1, max-image-preview:large, max-video-preview:-1\" \/>\n<link rel=\"canonical\" href=\"https:\/\/greencommunityproject.org\/uber-uns\" \/>\n<meta property=\"og:locale\" content=\"de_DE\" \/>\n<meta property=\"og:type\" content=\"article\" \/>\n<meta property=\"og:title\" content=\"\u00dcber uns! - Nachhaltigkeit als gesellschaftliche Pflicht anerkennen\" \/>\n<meta property=\"og:description\" content=\"Kima- und Umweltschutz geht uns alle an! Aus diesem Grund haben wir diese Webseite erstellt mit den wichtigsten Themen zur Nachhaltigkeit.\" \/>\n<meta property=\"og:url\" content=\"https:\/\/greencommunityproject.org\/uber-uns\" \/>\n<meta property=\"og:site_name\" content=\"Green Community Project\" \/>\n<meta property=\"article:modified_time\" content=\"2021-07-05T08:24:48+00:00\" \/>\n<meta property=\"og:image\" content=\"https:\/\/greencommunityproject.org\/wp-content\/uploads\/sites\/162\/2021\/07\/Uber-uns.jpg\" \/>\n\t<meta property=\"og:image:width\" content=\"900\" \/>\n\t<meta property=\"og:image:height\" content=\"400\" \/>\n\t<meta property=\"og:image:type\" content=\"image\/jpeg\" \/>\n<meta name=\"twitter:card\" content=\"summary_large_image\" \/>\n<meta name=\"twitter:label1\" content=\"Gesch\u00e4tzte Lesezeit\" \/>\n\t<meta name=\"twitter:data1\" content=\"2\u00a0Minuten\" \/>\n<script type=\"application\/ld+json\" class=\"yoast-schema-graph\">{\"@context\":\"https:\\\/\\\/schema.org\",\"@graph\":[{\"@type\":\"WebPage\",\"@id\":\"https:\\\/\\\/greencommunityproject.org\\\/uber-uns\",\"url\":\"https:\\\/\\\/greencommunityproject.org\\\/uber-uns\",\"name\":\"\u00dcber uns! - Nachhaltigkeit als gesellschaftliche Pflicht anerkennen\",\"isPartOf\":{\"@id\":\"https:\\\/\\\/greencommunityproject.org\\\/#website\"},\"primaryImageOfPage\":{\"@id\":\"https:\\\/\\\/greencommunityproject.org\\\/uber-uns#primaryimage\"},\"image\":{\"@id\":\"https:\\\/\\\/greencommunityproject.org\\\/uber-uns#primaryimage\"},\"thumbnailUrl\":\"https:\\\/\\\/greencommunityproject.org\\\/wp-content\\\/uploads\\\/sites\\\/162\\\/2021\\\/07\\\/Uber-uns.jpg\",\"datePublished\":\"2021-07-02T03:46:32+00:00\",\"dateModified\":\"2021-07-05T08:24:48+00:00\",\"description\":\"Kima- und Umweltschutz geht uns alle an! Aus diesem Grund haben wir diese Webseite erstellt mit den wichtigsten Themen zur Nachhaltigkeit.\",\"breadcrumb\":{\"@id\":\"https:\\\/\\\/greencommunityproject.org\\\/uber-uns#breadcrumb\"},\"inLanguage\":\"de\",\"potentialAction\":[{\"@type\":\"ReadAction\",\"target\":[\"https:\\\/\\\/greencommunityproject.org\\\/uber-uns\"]}]},{\"@type\":\"ImageObject\",\"inLanguage\":\"de\",\"@id\":\"https:\\\/\\\/greencommunityproject.org\\\/uber-uns#primaryimage\",\"url\":\"https:\\\/\\\/greencommunityproject.org\\\/wp-content\\\/uploads\\\/sites\\\/162\\\/2021\\\/07\\\/Uber-uns.jpg\",\"contentUrl\":\"https:\\\/\\\/greencommunityproject.org\\\/wp-content\\\/uploads\\\/sites\\\/162\\\/2021\\\/07\\\/Uber-uns.jpg\",\"width\":900,\"height\":400},{\"@type\":\"BreadcrumbList\",\"@id\":\"https:\\\/\\\/greencommunityproject.org\\\/uber-uns#breadcrumb\",\"itemListElement\":[{\"@type\":\"ListItem\",\"position\":1,\"name\":\"Startseite\",\"item\":\"https:\\\/\\\/greencommunityproject.org\\\/\"},{\"@type\":\"ListItem\",\"position\":2,\"name\":\"\u00dcber uns!\"}]},{\"@type\":\"WebSite\",\"@id\":\"https:\\\/\\\/greencommunityproject.org\\\/#website\",\"url\":\"https:\\\/\\\/greencommunityproject.org\\\/\",\"name\":\"Green Community Project\",\"description\":\"\",\"publisher\":{\"@id\":\"https:\\\/\\\/greencommunityproject.org\\\/#organization\"},\"potentialAction\":[{\"@type\":\"SearchAction\",\"target\":{\"@type\":\"EntryPoint\",\"urlTemplate\":\"https:\\\/\\\/greencommunityproject.org\\\/?s={search_term_string}\"},\"query-input\":{\"@type\":\"PropertyValueSpecification\",\"valueRequired\":true,\"valueName\":\"search_term_string\"}}],\"inLanguage\":\"de\"},{\"@type\":\"Organization\",\"@id\":\"https:\\\/\\\/greencommunityproject.org\\\/#organization\",\"name\":\"Green Community Project\",\"url\":\"https:\\\/\\\/greencommunityproject.org\\\/\",\"logo\":{\"@type\":\"ImageObject\",\"inLanguage\":\"de\",\"@id\":\"https:\\\/\\\/greencommunityproject.org\\\/#\\\/schema\\\/logo\\\/image\\\/\",\"url\":\"https:\\\/\\\/greencommunityproject.org\\\/wp-content\\\/uploads\\\/sites\\\/162\\\/2021\\\/07\\\/logof.png\",\"contentUrl\":\"https:\\\/\\\/greencommunityproject.org\\\/wp-content\\\/uploads\\\/sites\\\/162\\\/2021\\\/07\\\/logof.png\",\"width\":558,\"height\":142,\"caption\":\"Green Community Project\"},\"image\":{\"@id\":\"https:\\\/\\\/greencommunityproject.org\\\/#\\\/schema\\\/logo\\\/image\\\/\"}}]}<\/script>\n<!-- \/ Yoast SEO plugin. -->","yoast_head_json":{"title":"\u00dcber uns! - Nachhaltigkeit als gesellschaftliche Pflicht anerkennen","description":"Kima- und Umweltschutz geht uns alle an! Aus diesem Grund haben wir diese Webseite erstellt mit den wichtigsten Themen zur Nachhaltigkeit.","robots":{"index":"index","follow":"follow","max-snippet":"max-snippet:-1","max-image-preview":"max-image-preview:large","max-video-preview":"max-video-preview:-1"},"canonical":"https:\/\/greencommunityproject.org\/uber-uns","og_locale":"de_DE","og_type":"article","og_title":"\u00dcber uns! - Nachhaltigkeit als gesellschaftliche Pflicht anerkennen","og_description":"Kima- und Umweltschutz geht uns alle an! Aus diesem Grund haben wir diese Webseite erstellt mit den wichtigsten Themen zur Nachhaltigkeit.","og_url":"https:\/\/greencommunityproject.org\/uber-uns","og_site_name":"Green Community Project","article_modified_time":"2021-07-05T08:24:48+00:00","og_image":[{"width":900,"height":400,"url":"https:\/\/greencommunityproject.org\/wp-content\/uploads\/sites\/162\/2021\/07\/Uber-uns.jpg","type":"image\/jpeg"}],"twitter_card":"summary_large_image","twitter_misc":{"Gesch\u00e4tzte Lesezeit":"2\u00a0Minuten"},"schema":{"@context":"https:\/\/schema.org","@graph":[{"@type":"WebPage","@id":"https:\/\/greencommunityproject.org\/uber-uns","url":"https:\/\/greencommunityproject.org\/uber-uns","name":"\u00dcber uns! - Nachhaltigkeit als gesellschaftliche Pflicht anerkennen","isPartOf":{"@id":"https:\/\/greencommunityproject.org\/#website"},"primaryImageOfPage":{"@id":"https:\/\/greencommunityproject.org\/uber-uns#primaryimage"},"image":{"@id":"https:\/\/greencommunityproject.org\/uber-uns#primaryimage"},"thumbnailUrl":"https:\/\/greencommunityproject.org\/wp-content\/uploads\/sites\/162\/2021\/07\/Uber-uns.jpg","datePublished":"2021-07-02T03:46:32+00:00","dateModified":"2021-07-05T08:24:48+00:00","description":"Kima- und Umweltschutz geht uns alle an! Aus diesem Grund haben wir diese Webseite erstellt mit den wichtigsten Themen zur Nachhaltigkeit.","breadcrumb":{"@id":"https:\/\/greencommunityproject.org\/uber-uns#breadcrumb"},"inLanguage":"de","potentialAction":[{"@type":"ReadAction","target":["https:\/\/greencommunityproject.org\/uber-uns"]}]},{"@type":"ImageObject","inLanguage":"de","@id":"https:\/\/greencommunityproject.org\/uber-uns#primaryimage","url":"https:\/\/greencommunityproject.org\/wp-content\/uploads\/sites\/162\/2021\/07\/Uber-uns.jpg","contentUrl":"https:\/\/greencommunityproject.org\/wp-content\/uploads\/sites\/162\/2021\/07\/Uber-uns.jpg","width":900,"height":400},{"@type":"BreadcrumbList","@id":"https:\/\/greencommunityproject.org\/uber-uns#breadcrumb","itemListElement":[{"@type":"ListItem","position":1,"name":"Startseite","item":"https:\/\/greencommunityproject.org\/"},{"@type":"ListItem","position":2,"name":"\u00dcber uns!"}]},{"@type":"WebSite","@id":"https:\/\/greencommunityproject.org\/#website","url":"https:\/\/greencommunityproject.org\/","name":"Green Community Project","description":"","publisher":{"@id":"https:\/\/greencommunityproject.org\/#organization"},"potentialAction":[{"@type":"SearchAction","target":{"@type":"EntryPoint","urlTemplate":"https:\/\/greencommunityproject.org\/?s={search_term_string}"},"query-input":{"@type":"PropertyValueSpecification","valueRequired":true,"valueName":"search_term_string"}}],"inLanguage":"de"},{"@type":"Organization","@id":"https:\/\/greencommunityproject.org\/#organization","name":"Green Community Project","url":"https:\/\/greencommunityproject.org\/","logo":{"@type":"ImageObject","inLanguage":"de","@id":"https:\/\/greencommunityproject.org\/#\/schema\/logo\/image\/","url":"https:\/\/greencommunityproject.org\/wp-content\/uploads\/sites\/162\/2021\/07\/logof.png","contentUrl":"https:\/\/greencommunityproject.org\/wp-content\/uploads\/sites\/162\/2021\/07\/logof.png","width":558,"height":142,"caption":"Green Community Project"},"image":{"@id":"https:\/\/greencommunityproject.org\/#\/schema\/logo\/image\/"}}]}},"_links":{"self":[{"href":"https:\/\/greencommunityproject.org\/index.php?rest_route=\/wp\/v2\/pages\/7","targetHints":{"allow":["GET"]}}],"collection":[{"href":"https:\/\/greencommunityproject.org\/index.php?rest_route=\/wp\/v2\/pages"}],"about":[{"href":"https:\/\/greencommunityproject.org\/index.php?rest_route=\/wp\/v2\/types\/page"}],"author":[{"embeddable":true,"href":"https:\/\/greencommunityproject.org\/index.php?rest_route=\/wp\/v2\/users\/18"}],"replies":[{"embeddable":true,"href":"https:\/\/greencommunityproject.org\/index.php?rest_route=%2Fwp%2Fv2%2Fcomments&post=7"}],"version-history":[{"count":4,"href":"https:\/\/greencommunityproject.org\/index.php?rest_route=\/wp\/v2\/pages\/7\/revisions"}],"predecessor-version":[{"id":105,"href":"https:\/\/greencommunityproject.org\/index.php?rest_route=\/wp\/v2\/pages\/7\/revisions\/105"}],"wp:featuredmedia":[{"embeddable":true,"href":"https:\/\/greencommunityproject.org\/index.php?rest_route=\/wp\/v2\/media\/9"}],"wp:attachment":[{"href":"https:\/\/greencommunityproject.org\/index.php?rest_route=%2Fwp%2Fv2%2Fmedia&parent=7"}],"curies":[{"name":"wp","href":"https:\/\/api.w.org\/{rel}","templated":true}]}}